{"id":11,"date":"2017-01-30T11:34:29","date_gmt":"2017-01-30T11:34:29","guid":{"rendered":"http:\/\/ss-panay.com\/?page_id=11"},"modified":"2020-04-26T18:12:21","modified_gmt":"2020-04-26T18:12:21","slug":"ss_panay","status":"publish","type":"page","link":"https:\/\/ss-panay.com\/de_de\/","title":{"rendered":"Home"},"content":{"rendered":"\t\t<div data-elementor-type=\"wp-page\" data-elementor-id=\"11\" class=\"elementor elementor-11\">\n\t\t\t\t\t\t<section class=\"elementor-section elementor-top-section elementor-element elementor-element-2d6ad1b3 elementor-section-boxed elementor-section-height-default elementor-section-height-default\" data-id=\"2d6ad1b3\" data-element_type=\"section\" data-e-type=\"section\">\n\t\t\t\t\t\t<div class=\"elementor-container elementor-column-gap-default\">\n\t\t\t\t\t<div class=\"elementor-column elementor-col-100 elementor-top-column elementor-element elementor-element-6d8e5f2b\" data-id=\"6d8e5f2b\" data-element_type=\"column\" data-e-type=\"column\">\n\t\t\t<div class=\"elementor-widget-wrap elementor-element-populated\">\n\t\t\t\t\t\t<div class=\"elementor-element elementor-element-57ae2310 elementor-widget elementor-widget-text-editor\" data-id=\"57ae2310\" data-element_type=\"widget\" data-e-type=\"widget\" data-widget_type=\"text-editor.default\">\n\t\t\t\t<div class=\"elementor-widget-container\">\n\t\t\t\t\t\t\t\t\t<p><strong>Update: 26. April 2020 (Schiffsdaten)<br \/><\/strong><strong>\u00a0 \u00a0 \u00a0 \u00a0 \u00a0 \u00a0 \u00a0 \u00a005. April 2020 (Geschichte<\/strong>)<\/p><p>\u00a0<\/p><ul id=\"menu-hauptmenu\" class=\"menu\"><\/ul><p><span style=\"color: #000000;\">Liebe Wrack- und Dampfschifffans, auf dieser Webseite findet ihr viele interessante Informationen rund um das Schiff TSS Waterford, oder besser bekannt als die SS Panay<\/span><\/p><h3><span style=\"color: #000000;\">Ein paar Worte \u00fcber mich.<\/span><\/h3><p><span style=\"color: #000000;\">Ich bin passionierter Taucher, und war von 2012 bis 2015 gemeinsam mit meiner Frau Veronica, Tauchlehrer am sch\u00f6nen Sugar Beach in Sipalay auf den Philippinen.<\/span><\/p><p><span style=\"color: #000000;\">In den Tauchgebieten rund um Sipalay auf der Insel Negros gibt es neben den vielen sch\u00f6nen Riffen, auch drei Wracks zu betauchen, das\u00a0<a href=\"https:\/\/ss-panay.com\/juliens-wreck\/\"><span style=\"color: #ff0000;\">\u201eJuliens Wreck<\/span>\u201c<\/a>\u00a0die\u00a0<span style=\"color: #ff0000;\"><a style=\"color: #ff0000;\" href=\"https:\/\/ss-panay.com\/ms-jojo\/\">\u201eMS JoJo\u201c<\/a><\/span>\u00a0und die\u00a0<span style=\"color: #ff0000;\">\u201eSS. <a style=\"color: #ff0000;\" href=\"https:\/\/ss-panay.com\/ss-panay-wrack\/\">Panay<\/a>\u201c<\/span><\/span><\/p><p><span style=\"color: #000000;\">Ich habe mich vom ersten Tauchgang an f\u00fcr die SS Panay begeistert und wollte alles \u00fcber das Schiff wissen.<br \/><img fetchpriority=\"high\" decoding=\"async\" class=\"alignright wp-image-18 size-medium\" src=\"https:\/\/ss-panay.com\/wp-content\/uploads\/2017\/01\/ss_panay_home-243x300.jpg\" alt=\"ss panay \" width=\"243\" height=\"300\" srcset=\"https:\/\/ss-panay.com\/wp-content\/uploads\/2017\/01\/ss_panay_home-243x300.jpg 243w, https:\/\/ss-panay.com\/wp-content\/uploads\/2017\/01\/ss_panay_home-621x768.jpg 621w, https:\/\/ss-panay.com\/wp-content\/uploads\/2017\/01\/ss_panay_home.jpg 647w\" sizes=\"(max-width: 243px) 100vw, 243px\" \/><\/span><\/p><p><span style=\"color: #000000;\">Die wenigen vorhandenen Informationen \u00fcber die SS Panay waren aber im besten Falle vage und einige offensichtlich auch falsch.<\/span><br \/><span style=\"color: #000000;\"> Von den Philippinen aus fundierte Recherchen zu betreiben war auf Grund der tr\u00e4gen Infrastruktur\u00a0einfach nicht m\u00f6glich.<\/span><br \/><span style=\"color: #000000;\"> Nach der R\u00fcckkehr von den Philippinen in die Zivilisation, habe ich angefangen zun\u00e4chst im Internet zu recherchieren. Leider musste ich feststellen, dass es sich bei der SS Panay wohl um ein Geisterschiff handeln musste. Das gesamte Wissen des Planeten aber kein Wort \u00fcber ein Schiff namens SS Panay.<\/span><\/p><p><span style=\"color: #000000;\"><em>\u201eDas ist doch unm\u00f6glich, Schiffe fallen doch nicht vom Himmel, besonders nicht so Gro\u00dfe. Jemand muss es doch zumindest mal gebaut haben.\u201c<\/em><\/span><\/p><p><span style=\"color: #000000;\"><em>\u00a0<span style=\"color: #000000;\">Fragen \u00fcber Fragen \u2026<\/span><\/em><\/span><\/p><p><span style=\"color: #000000;\">Da kam mir beim Gr\u00fcbeln so ein Gedanke. Das Schiff hie\u00df vielleicht gar nicht\u00a0<strong>SS Panay<\/strong>. Schiffe werden oft umbenannt. Das war inspirierend und demotivierend zugleich.<\/span><\/p><p><span style=\"color: #000000;\">Das und die goldene Schatzsucher Grundregel, \u201e99% der Suche findet im Archiv statt\u201c, war der Beginn einer langen und sehr aufwendigen Suche nach Fakten.<\/span><\/p><p><span style=\"color: #000000;\">Wenn ihr euch jetzt fragt welches Archiv, wenn er doch nicht mal einen Namen hatte, ganz einfach alle.<\/span><\/p><h3><span style=\"color: #000000;\">Modelbau<\/span><\/h3><p><span style=\"color: #000000;\">Als ambitionierter Bastler, war sehr schnell die Idee geboren, auch ein Modell von der\u00a0<strong>SS Panay<\/strong>\u00a0zubauen.<\/span><\/p><p><span style=\"color: #000000;\"><em>Mein erster Gedanken dazu: \u201cEin sch\u00f6nes gro\u00dfes Model der<\/em>\u00a0<strong>SS Panay<\/strong>\u00a0<em>w\u00e4re doch auch sch\u00f6n.\u201c Da kann man sich das Schiff endlich mal anschauen, wie es mal ausgesehen hat.<\/em><\/span><\/p><p><span style=\"color: #000000;\"><em>Und wenn es keins gibt, dann muss ich es eben selber machen.<\/em><\/span><br \/><span style=\"color: #000000;\"> <em>Der zweite Gedanke: \u201eTolle Idee Junge\u2026\u201c ein Original getreues Model eines Schiffes von, dem es nicht einmal ein Foto gibt. Suuuper!<\/em><\/span><br \/><span style=\"color: #000000;\"> <strong>Herausforderung angenommen!<\/strong><\/span><\/p><p><span style=\"color: #000000;\">Dies bedeutete allerdings, dass ich Informationen bis ins Detail brauchte. Meine Recherche wurde wie bei einer Schatzsuche zur Obsession. Nach ca. ein Jahr intensiver Nachforschung hatte ich dann gen\u00fcgend Daten f\u00fcr die Erstellung bez. Rekonstruktion der Baupl\u00e4ne zusammen.<\/span><\/p><p><span style=\"color: #000000;\">Ende 2016 habe ich mit dem Modellbau der SS Panay im Ma\u00dfstab 1:50 begonnen.<\/span><\/p><p><span style=\"color: #000000;\">Meine Frau schlug mir vor einen Blog zu schreiben, oder es auf Facebook zu posten.<\/span><\/p><p><span style=\"color: #000000;\">Ich dachte gleich \u201eso ein Quatsch, das interessiert doch niemanden.\u201c<\/span><\/p><p><span style=\"color: #000000;\">Etwas sp\u00e4ter \u00fcberlegte ich, dass es vielleicht doch nicht schlecht w\u00e4re, die gesammelten Information, \u00fcber die SS Panay, anderen interessierten Tauchern und Wrackfans zur Verf\u00fcgung zu stellen.<\/span><\/p><p><span style=\"color: #000000;\">Und so entstand und entsteht auch mit vielleicht euerer Hilfe diese Webseite der SS Panay<\/span><\/p>\t\t\t\t\t\t\t\t<\/div>\n\t\t\t\t<\/div>\n\t\t\t\t\t<\/div>\n\t\t<\/div>\n\t\t\t\t\t<\/div>\n\t\t<\/section>\n\t\t\t\t<\/div>\n\t\t<p><\/p>","protected":false},"excerpt":{"rendered":"<p>Update: 26. April 2020 (Schiffsdaten)\u00a0 \u00a0 \u00a0 \u00a0 \u00a0 \u00a0 \u00a0 \u00a005. April 2020 (Geschichte) \u00a0 Liebe Wrack- und Dampfschifffans, auf dieser Webseite&#8230;<\/p>\n","protected":false},"author":2,"featured_media":0,"parent":0,"menu_order":0,"comment_status":"closed","ping_status":"closed","template":"","meta":{"footnotes":""},"class_list":["post-11","page","type-page","status-publish","hentry"],"yoast_head":"<!-- This site is optimized with the Yoast SEO plugin v26.8 - https:\/\/yoast.com\/product\/yoast-seo-wordpress\/ -->\n<title>SS Panay - SS Panay Wrack Sipalay, Campomanes Bay, Negros, Philippinen<\/title>\n<meta name=\"description\" content=\"Informationen zum Untergang der SS Panay in Sipalay, Negros, Philippinen. Das Wrack wird von den Tauchbasen angefahren und betaucht.\" \/>\n<meta name=\"robots\" content=\"index, follow, max-snippet:-1, max-image-preview:large, max-video-preview:-1\" \/>\n<link rel=\"canonical\" href=\"https:\/\/ss-panay.com\/de_de\/\" \/>\n<meta property=\"og:locale\" content=\"de_DE\" \/>\n<meta property=\"og:type\" content=\"article\" \/>\n<meta property=\"og:title\" content=\"SS Panay - SS Panay Wrack Sipalay, Campomanes Bay, Negros, Philippinen\" \/>\n<meta property=\"og:description\" content=\"Informationen zum Untergang der SS Panay in Sipalay, Negros, Philippinen. Das Wrack wird von den Tauchbasen angefahren und betaucht.\" \/>\n<meta property=\"og:url\" content=\"https:\/\/ss-panay.com\/de_de\/\" \/>\n<meta property=\"og:site_name\" content=\"SS Panay\" \/>\n<meta property=\"article:modified_time\" content=\"2020-04-26T18:12:21+00:00\" \/>\n<meta property=\"og:image\" content=\"https:\/\/ss-panay.com\/wp-content\/uploads\/2017\/01\/ss_panay_home-243x300.jpg\" \/>\n<meta name=\"twitter:card\" content=\"summary_large_image\" \/>\n<meta name=\"twitter:label1\" content=\"Gesch\u00e4tzte Lesezeit\" \/>\n\t<meta name=\"twitter:data1\" content=\"3\u00a0Minuten\" \/>\n<script type=\"application\/ld+json\" class=\"yoast-schema-graph\">{\"@context\":\"https:\/\/schema.org\",\"@graph\":[{\"@type\":\"WebPage\",\"@id\":\"https:\/\/ss-panay.com\/de_de\/\",\"url\":\"https:\/\/ss-panay.com\/de_de\/\",\"name\":\"SS Panay - SS Panay Wrack Sipalay, Campomanes Bay, Negros, Philippinen\",\"isPartOf\":{\"@id\":\"https:\/\/ss-panay.com\/de_de\/#website\"},\"primaryImageOfPage\":{\"@id\":\"https:\/\/ss-panay.com\/de_de\/#primaryimage\"},\"image\":{\"@id\":\"https:\/\/ss-panay.com\/de_de\/#primaryimage\"},\"thumbnailUrl\":\"https:\/\/ss-panay.com\/wp-content\/uploads\/2017\/01\/ss_panay_home-243x300.jpg\",\"datePublished\":\"2017-01-30T11:34:29+00:00\",\"dateModified\":\"2020-04-26T18:12:21+00:00\",\"description\":\"Informationen zum Untergang der SS Panay in Sipalay, Negros, Philippinen. Das Wrack wird von den Tauchbasen angefahren und betaucht.\",\"breadcrumb\":{\"@id\":\"https:\/\/ss-panay.com\/de_de\/#breadcrumb\"},\"inLanguage\":\"de\",\"potentialAction\":[{\"@type\":\"ReadAction\",\"target\":[\"https:\/\/ss-panay.com\/de_de\/\"]}]},{\"@type\":\"ImageObject\",\"inLanguage\":\"de\",\"@id\":\"https:\/\/ss-panay.com\/de_de\/#primaryimage\",\"url\":\"https:\/\/ss-panay.com\/wp-content\/uploads\/2017\/01\/ss_panay_home-243x300.jpg\",\"contentUrl\":\"https:\/\/ss-panay.com\/wp-content\/uploads\/2017\/01\/ss_panay_home-243x300.jpg\"},{\"@type\":\"BreadcrumbList\",\"@id\":\"https:\/\/ss-panay.com\/de_de\/#breadcrumb\",\"itemListElement\":[{\"@type\":\"ListItem\",\"position\":1,\"name\":\"Startseite\",\"item\":\"https:\/\/ss-panay.com\/de_de\/\"},{\"@type\":\"ListItem\",\"position\":2,\"name\":\"Home\"}]},{\"@type\":\"WebSite\",\"@id\":\"https:\/\/ss-panay.com\/de_de\/#website\",\"url\":\"https:\/\/ss-panay.com\/de_de\/\",\"name\":\"SS Panay\",\"description\":\"\",\"potentialAction\":[{\"@type\":\"SearchAction\",\"target\":{\"@type\":\"EntryPoint\",\"urlTemplate\":\"https:\/\/ss-panay.com\/de_de\/?s={search_term_string}\"},\"query-input\":{\"@type\":\"PropertyValueSpecification\",\"valueRequired\":true,\"valueName\":\"search_term_string\"}}],\"inLanguage\":\"de\"}]}<\/script>\n<!-- \/ Yoast SEO plugin. -->","yoast_head_json":{"title":"SS Panay - SS Panay Wrack Sipalay, Campomanes Bay, Negros, Philippinen","description":"Informationen zum Untergang der SS Panay in Sipalay, Negros, Philippinen. Das Wrack wird von den Tauchbasen angefahren und betaucht.","robots":{"index":"index","follow":"follow","max-snippet":"max-snippet:-1","max-image-preview":"max-image-preview:large","max-video-preview":"max-video-preview:-1"},"canonical":"https:\/\/ss-panay.com\/de_de\/","og_locale":"de_DE","og_type":"article","og_title":"SS Panay - SS Panay Wrack Sipalay, Campomanes Bay, Negros, Philippinen","og_description":"Informationen zum Untergang der SS Panay in Sipalay, Negros, Philippinen. Das Wrack wird von den Tauchbasen angefahren und betaucht.","og_url":"https:\/\/ss-panay.com\/de_de\/","og_site_name":"SS Panay","article_modified_time":"2020-04-26T18:12:21+00:00","og_image":[{"url":"https:\/\/ss-panay.com\/wp-content\/uploads\/2017\/01\/ss_panay_home-243x300.jpg","type":"","width":"","height":""}],"twitter_card":"summary_large_image","twitter_misc":{"Gesch\u00e4tzte Lesezeit":"3\u00a0Minuten"},"schema":{"@context":"https:\/\/schema.org","@graph":[{"@type":"WebPage","@id":"https:\/\/ss-panay.com\/de_de\/","url":"https:\/\/ss-panay.com\/de_de\/","name":"SS Panay - SS Panay Wrack Sipalay, Campomanes Bay, Negros, Philippinen","isPartOf":{"@id":"https:\/\/ss-panay.com\/de_de\/#website"},"primaryImageOfPage":{"@id":"https:\/\/ss-panay.com\/de_de\/#primaryimage"},"image":{"@id":"https:\/\/ss-panay.com\/de_de\/#primaryimage"},"thumbnailUrl":"https:\/\/ss-panay.com\/wp-content\/uploads\/2017\/01\/ss_panay_home-243x300.jpg","datePublished":"2017-01-30T11:34:29+00:00","dateModified":"2020-04-26T18:12:21+00:00","description":"Informationen zum Untergang der SS Panay in Sipalay, Negros, Philippinen. Das Wrack wird von den Tauchbasen angefahren und betaucht.","breadcrumb":{"@id":"https:\/\/ss-panay.com\/de_de\/#breadcrumb"},"inLanguage":"de","potentialAction":[{"@type":"ReadAction","target":["https:\/\/ss-panay.com\/de_de\/"]}]},{"@type":"ImageObject","inLanguage":"de","@id":"https:\/\/ss-panay.com\/de_de\/#primaryimage","url":"https:\/\/ss-panay.com\/wp-content\/uploads\/2017\/01\/ss_panay_home-243x300.jpg","contentUrl":"https:\/\/ss-panay.com\/wp-content\/uploads\/2017\/01\/ss_panay_home-243x300.jpg"},{"@type":"BreadcrumbList","@id":"https:\/\/ss-panay.com\/de_de\/#breadcrumb","itemListElement":[{"@type":"ListItem","position":1,"name":"Startseite","item":"https:\/\/ss-panay.com\/de_de\/"},{"@type":"ListItem","position":2,"name":"Home"}]},{"@type":"WebSite","@id":"https:\/\/ss-panay.com\/de_de\/#website","url":"https:\/\/ss-panay.com\/de_de\/","name":"SS Panay","description":"","potentialAction":[{"@type":"SearchAction","target":{"@type":"EntryPoint","urlTemplate":"https:\/\/ss-panay.com\/de_de\/?s={search_term_string}"},"query-input":{"@type":"PropertyValueSpecification","valueRequired":true,"valueName":"search_term_string"}}],"inLanguage":"de"}]}},"_links":{"self":[{"href":"https:\/\/ss-panay.com\/de_de\/wp-json\/wp\/v2\/pages\/11","targetHints":{"allow":["GET"]}}],"collection":[{"href":"https:\/\/ss-panay.com\/de_de\/wp-json\/wp\/v2\/pages"}],"about":[{"href":"https:\/\/ss-panay.com\/de_de\/wp-json\/wp\/v2\/types\/page"}],"author":[{"embeddable":true,"href":"https:\/\/ss-panay.com\/de_de\/wp-json\/wp\/v2\/users\/2"}],"replies":[{"embeddable":true,"href":"https:\/\/ss-panay.com\/de_de\/wp-json\/wp\/v2\/comments?post=11"}],"version-history":[{"count":62,"href":"https:\/\/ss-panay.com\/de_de\/wp-json\/wp\/v2\/pages\/11\/revisions"}],"predecessor-version":[{"id":1131,"href":"https:\/\/ss-panay.com\/de_de\/wp-json\/wp\/v2\/pages\/11\/revisions\/1131"}],"wp:attachment":[{"href":"https:\/\/ss-panay.com\/de_de\/wp-json\/wp\/v2\/media?parent=11"}],"curies":[{"name":"wp","href":"https:\/\/api.w.org\/{rel}","templated":true}]}}